{"id":91,"date":"2018-01-23T21:51:44","date_gmt":"2018-01-23T20:51:44","guid":{"rendered":"http:\/\/assesdd.org\/?page_id=91"},"modified":"2020-05-13T15:07:20","modified_gmt":"2020-05-13T13:07:20","slug":"la-bonne-cause","status":"publish","type":"page","link":"https:\/\/assesdd.org\/index.php\/nos-projets\/la-bonne-cause\/","title":{"rendered":"La Bonne Cause"},"content":{"rendered":"<p><strong>La Bonne Cause<\/strong> est le nom du programme de cantine scolaire solidaire d\u00e9marr\u00e9 le 1er Novembre 2017 \u00e0 Zamengo\u00e9 (proche capitale Yaound\u00e9) au Cameroun.<\/p>\n<h1><strong>Pr\u00e9sentation du projet<\/strong><\/h1>\n<p>Nous avons mis en \u0153uvre un service gratuit de cantine scolaire solidaire pour des jeunes \u00e9l\u00e8ves issus de familles pauvres au Cameroun, dans la commune de Zamengo\u00e9 proche Yaound\u00e9.<\/p>\n<div style=\"width: 640px;\" class=\"wp-video\"><video class=\"wp-video-shortcode\" id=\"video-91-1\" width=\"640\" height=\"368\" preload=\"metadata\" controls=\"controls\"><source type=\"video\/mp4\" src=\"https:\/\/assesdd.org\/wp-content\/uploads\/2018\/02\/video-cantine-la-bonne-cause-jour1.mp4?_=1\" \/><a href=\"https:\/\/assesdd.org\/wp-content\/uploads\/2018\/02\/video-cantine-la-bonne-cause-jour1.mp4\">https:\/\/assesdd.org\/wp-content\/uploads\/2018\/02\/video-cantine-la-bonne-cause-jour1.mp4<\/a><\/video><\/div>\n<h5><em><strong>Une cantine pour soutenir la scolarit\u00e9 des jeunes et en particulier de jeunes filles<\/strong><\/em><\/h5>\n<p>L&rsquo;objectif principal est de leur permettre d&rsquo;am\u00e9liorer et d&rsquo;optimiser leur rendement scolaire. Il s&rsquo;agit en effet d&rsquo;un coup de pouce aux enfants, et indirectement \u00e0 leurs familles, pour leur permettre d&rsquo;\u00eatre davantage disponibles physiquement, mentalement et intellectuellement \u00e0 leur formation scolaire pour laquelle des efforts financiers importants sont d\u00e9j\u00e0 r\u00e9alis\u00e9s (frais de scolarit\u00e9, livres, cahiers, cartable, mat\u00e9riel scolaire, v\u00eatements&#8230;).<\/p>\n<p>Les jeunes filles sont particuli\u00e8rement cibl\u00e9es par ce programme car ce sont elles qui subissent tr\u00e8s souvent le manque de moyens des parents.<\/p>\n<h5><em><strong>Partenariat avec une association locale<\/strong><\/em><\/h5>\n<p>L&rsquo;association Camerounaise \u00ab\u00a0La Bonne\u00a0 Case\u00a0\u00bb, d\u00e9j\u00e0 existante depuis 13 ans avec des locaux servant \u00e0 accueillir et \u00e0 offrir une vie sociale \u00e0 des enfants orphelins du SIDA (maladie sexuellement transmissible qui fait de nombreuses victimes au Cameroun), r\u00e9alise ce projet en partenariat avec l&rsquo;AssESDD. Le responsable de cette association offre gratuitement un local pour cette cantine, d\u00e9finit une liste de jeunes \u00e9l\u00e8ves b\u00e9n\u00e9ficiaires avec la collaboration des parents (sur la base de crit\u00e8res sociaux, enqu\u00eates \u00e0 l&rsquo;appui), g\u00e8re toutes les op\u00e9rations en local, et l&rsquo;AssESDD fournit du financement \u00e0 la hauteur de ses capacit\u00e9s et des collectes d&rsquo;argent effectu\u00e9es en France.<\/p>\n<h5><strong><em>22 \u00e9l\u00e8ves b\u00e9n\u00e9ficiaires d\u00e8s la premi\u00e8re ann\u00e9e<\/em><\/strong><\/h5>\n<p>D\u00e8s la premi\u00e8re ann\u00e9e, 2017\/2018, la cantine a b\u00e9n\u00e9fici\u00e9 \u00e0 <strong>22 \u00e9l\u00e8ves<\/strong>, tous inscrits dans les \u00e9tablissements scolaires de la commune de Zamengo\u00e9, en classes de CM2, 6e, 5e et 4e.<\/p>\n<p>Le service, durant toute l&rsquo;ann\u00e9e scolaire, permet de donner \u00e0 manger quotidiennement \u00e0 chaque jeune un \u00ab\u00a0sandwich\u00a0\u00bb co\u00fbtant environ 300 FCFA (0.50 Euro). Il doit \u00eatre renouvel\u00e9 chaque ann\u00e9e scolaire pendant plusieurs ann\u00e9es pour cr\u00e9er un v\u00e9ritable impact et obtenir des r\u00e9sultats durables.<\/p>\n<p>Le contr\u00f4le de l&rsquo;impact de cette action reposent sur : un rapport de suivi des enfants (par le responsable de La Bonne Case), les r\u00e9sultats scolaires sur toute l&rsquo;ann\u00e9e, les t\u00e9moignages des parents, les factures des achats des biens et services, les photos et vid\u00e9os des b\u00e9n\u00e9ficiaires de la cantine.<\/p>\n<div>\n<div><img decoding=\"async\" src=\"https:\/\/www.helloasso.com\/assets\/img\/uploads\/img-cantine-jour1-3-r-1509544397234-76d10edee5be44f9a762af330eacc651.jpg\" alt=\"Jour 1\" \/><\/div>\n<\/div>\n<h1><strong>Origine du projet<\/strong><\/h1>\n<p>L&rsquo;association \u00ab\u00a0La Bonne Case\u00a0\u00bb au Cameroun, connaissant bien les r\u00e9alit\u00e9s des jeunes du Cameroun en zones rurales, a sollicit\u00e9 l&rsquo;aide le l&rsquo;AssESDD en France pour mettre en \u0153uvre ce projet. En effet, il est n\u00e9cessaire de comprendre qu&rsquo;au Cameroun, en particulier dans les zones rurales comme celle-ci o\u00f9 le projet sera r\u00e9alis\u00e9, il y a des \u00e9coles, des ma\u00eetres, de nombreux enfants, mais ils travaillent tous dans des\u00a0 conditions\u00a0 pr\u00e9caires.\u00a0 La pauvret\u00e9 des familles en zone rurale fait\u00a0 que\u00a0 de nombreux\u00a0 enfants\u00a0 et\u00a0 jeunes\u00a0 quittent\u00a0 l\u2019\u00e9cole\u00a0 sans\u00a0 \u00e0\u00a0 savoir\u00a0 ni\u00a0 lire\u00a0 ni\u00a0 \u00e9crire. Quelques-uns finissent comme \u201cenfants de la rue\u201d, avec le constant danger de tomber dans toute sortes d\u2019exploitations ou dans la drogue.<\/p>\n<p>Les jeunes filles en particulier sont les plus expos\u00e9es, car elles sont souvent consid\u00e9r\u00e9es comme de la main d&rsquo;oeuvre parfois r\u00e9mun\u00e9r\u00e9e pour des t\u00e2ches m\u00e9nag\u00e8res ou d&rsquo;autres t\u00e2ches immondes, dans des conditions extr\u00eamement difficiles qui peuvent mettre en danger leur sant\u00e9 et leurs vies.<\/p>\n<p>Cette action est notre part de contribution \u00e0 la r\u00e9ponse \u00e9ducative et citoyenne n\u00e9cessaire pour cette cat\u00e9gorie de la population qui repr\u00e9sente tout l&rsquo;espoir pour un r\u00e9el d\u00e9veloppement de leur pays.<\/p>\n<div><img decoding=\"async\" src=\"https:\/\/www.helloasso.com\/assets\/img\/uploads\/img-lbc-panneau-r-1509544593866-cad67677a3a241d2b877483135793ff8.jpg\" alt=\"La Bonne Case\" \/><\/div>\n<h1><strong>R\u00e9sultats attendus<\/strong><\/h1>\n<p>Au bout de 2 ans, ce service de cantine solidaire aura apport\u00e9 aux dizaines de jeunes \u00e9l\u00e8ves ayant b\u00e9n\u00e9fici\u00e9 :<\/p>\n<ul>\n<li>Une am\u00e9lioration du comportement (une meilleure implication dans leur r\u00e9ussite scolaire entre autres),<\/li>\n<li>Une am\u00e9lioration des r\u00e9sultats scolaires,<\/li>\n<li>Une plus grande implication des parents dans leur d\u00e9marche de scolarisation.<\/li>\n<\/ul>\n<div>\n<div><img decoding=\"async\" src=\"https:\/\/www.helloasso.com\/assets\/img\/uploads\/pascal-mars-16-1-r-1509544187315-4af7953c1b7c492fbee4259f36e1f05c.jpg\" alt=\"Filleul Pascal\" \/><\/div>\n<\/div>\n<h1><strong>Financement<br \/>\n<\/strong><\/h1>\n<p>Sur 2 ans, l&rsquo;AssESDD a apport\u00e9 un soutien financier de pr\u00e8s de 1,8 million de FCFA (soit pr\u00e8s de 2750 Euros).<\/p>\n<p>Le besoin en financement est n\u00e9cessaire chaque ann\u00e9e scolaire. C&rsquo;est pourquoi nous avons besoin de partenaires et de donateurs suppl\u00e9mentaires pour poursuivre ce projet cr\u00e9ant un impact durable v\u00e9ritable.<\/p>\n<h5><em><strong>10 Euros par mois pour soutenir 1 jeune<\/strong><\/em><\/h5>\n<p>Votre simple cotisation de membre, 10 Euros\/mois, permet de payer la cantine d&rsquo;un jeune \u00e9l\u00e8ve tous les jours durant toute l&rsquo;ann\u00e9e scolaire. Alors, rejoignez-nous !<\/p>\n<p>Pour l&rsquo;adh\u00e9sion de membre, c&rsquo;est\u00a0<a href=\"http:\/\/assesdd.org\/index.php\/membres\/\">ICI<\/a><\/p>\n<p><img loading=\"lazy\" decoding=\"async\" class=\"alignnone size-medium wp-image-68\" src=\"http:\/\/assesdd.org\/wp-content\/uploads\/2018\/01\/IMG-Cantine-Jour1_2-300x225.jpg\" alt=\"\" width=\"300\" height=\"225\" srcset=\"https:\/\/assesdd.org\/wp-content\/uploads\/2018\/01\/IMG-Cantine-Jour1_2-300x225.jpg 300w, https:\/\/assesdd.org\/wp-content\/uploads\/2018\/01\/IMG-Cantine-Jour1_2-768x576.jpg 768w, https:\/\/assesdd.org\/wp-content\/uploads\/2018\/01\/IMG-Cantine-Jour1_2-1024x768.jpg 1024w, https:\/\/assesdd.org\/wp-content\/uploads\/2018\/01\/IMG-Cantine-Jour1_2-640x480.jpg 640w, https:\/\/assesdd.org\/wp-content\/uploads\/2018\/01\/IMG-Cantine-Jour1_2.jpg 1280w\" sizes=\"auto, (max-width: 300px) 100vw, 300px\" \/><\/p>\n","protected":false},"excerpt":{"rendered":"<p>La Bonne Cause est le nom du programme de cantine scolaire solidaire d\u00e9marr\u00e9 le 1er Novembre 2017 \u00e0 Zamengo\u00e9 (proche capitale Yaound\u00e9) au Cameroun. Pr\u00e9sentation du projet Nous avons mis en \u0153uvre un service gratuit de cantine scolaire&#8230; <a class=\"read-more\" href=\"https:\/\/assesdd.org\/index.php\/nos-projets\/la-bonne-cause\/\">Read More<\/a><\/p>\n","protected":false},"author":1,"featured_media":0,"parent":17,"menu_order":0,"comment_status":"closed","ping_status":"closed","template":"","meta":{"footnotes":""},"class_list":["post-91","page","type-page","status-publish","hentry","no-comments"],"jetpack_sharing_enabled":true,"jetpack_shortlink":"https:\/\/wp.me\/P9AHGD-1t","jetpack_likes_enabled":true,"_links":{"self":[{"href":"https:\/\/assesdd.org\/index.php\/wp-json\/wp\/v2\/pages\/91","targetHints":{"allow":["GET"]}}],"collection":[{"href":"https:\/\/assesdd.org\/index.php\/wp-json\/wp\/v2\/pages"}],"about":[{"href":"https:\/\/assesdd.org\/index.php\/wp-json\/wp\/v2\/types\/page"}],"author":[{"embeddable":true,"href":"https:\/\/assesdd.org\/index.php\/wp-json\/wp\/v2\/users\/1"}],"replies":[{"embeddable":true,"href":"https:\/\/assesdd.org\/index.php\/wp-json\/wp\/v2\/comments?post=91"}],"version-history":[{"count":9,"href":"https:\/\/assesdd.org\/index.php\/wp-json\/wp\/v2\/pages\/91\/revisions"}],"predecessor-version":[{"id":1688,"href":"https:\/\/assesdd.org\/index.php\/wp-json\/wp\/v2\/pages\/91\/revisions\/1688"}],"up":[{"embeddable":true,"href":"https:\/\/assesdd.org\/index.php\/wp-json\/wp\/v2\/pages\/17"}],"wp:attachment":[{"href":"https:\/\/assesdd.org\/index.php\/wp-json\/wp\/v2\/media?parent=91"}],"curies":[{"name":"wp","href":"https:\/\/api.w.org\/{rel}","templated":true}]}}