{"id":7,"date":"2018-01-23T17:23:55","date_gmt":"2018-01-23T16:23:55","guid":{"rendered":"http:\/\/assesdd.org\/?page_id=7"},"modified":"2021-09-25T12:42:35","modified_gmt":"2021-09-25T10:42:35","slug":"accueil","status":"publish","type":"page","link":"https:\/\/assesdd.org\/","title":{"rendered":"Bienvenue !"},"content":{"rendered":"<figure id=\"attachment_261\" aria-describedby=\"caption-attachment-261\" style=\"width: 225px\" class=\"wp-caption alignnone\"><img loading=\"lazy\" decoding=\"async\" class=\"size-medium wp-image-261\" src=\"https:\/\/assesdd.org\/wp-content\/uploads\/2018\/01\/DSC09287_c-225x300.jpg\" alt=\"illustration objet association\" width=\"225\" height=\"300\" srcset=\"https:\/\/assesdd.org\/wp-content\/uploads\/2018\/01\/DSC09287_c-225x300.jpg 225w, https:\/\/assesdd.org\/wp-content\/uploads\/2018\/01\/DSC09287_c.jpg 336w\" sizes=\"auto, (max-width: 225px) 100vw, 225px\" \/><figcaption id=\"caption-attachment-261\" class=\"wp-caption-text\">des enfants du groupe scolaire \u00ab\u00a0Le Savoir\u00a0\u00bb utilisent les ordinateurs recycl\u00e9s donn\u00e9s par l&rsquo;AssESDD<\/figcaption><\/figure>\n<h5><em><strong>\u00c9ducation, Sant\u00e9, D\u00e9veloppement Durable<\/strong><\/em><\/h5>\n<p>Vous \u00eates sur le site d&rsquo;une association fran\u00e7aise loi 1901 cr\u00e9\u00e9e le 13 Mai 2013. Elle a \u00e9t\u00e9 initi\u00e9e par un groupe d&rsquo;amis, anim\u00e9s par les valeurs de solidarit\u00e9. Ces valeurs se traduisent par des actions dans les domaines de l&rsquo;\u00e9ducation, la sant\u00e9 et le d\u00e9veloppement durable. Nous sommes pass\u00e9s de 5 \u00e0 12 membres depuis notre cr\u00e9ation, et serons heureux de vous compter parmi nous.<\/p>\n<h5><em><strong>Projets \u00e0 l&rsquo;international<\/strong><\/em><\/h5>\n<p>Nous rendons possible des projets \u00e0 l&rsquo;international par la redistribution de mat\u00e9riels recycl\u00e9s ou du financement direct. Nous nous assurons du b\u00e9n\u00e9fice r\u00e9el apport\u00e9 aux personnes vis\u00e9es par nos actions. Pour cela, le nombre d&rsquo;interm\u00e9diaires doit \u00eatre nul ou tr\u00e8s faible.<\/p>\n<p>Nous avons \u00e0 ce jour mis en \u0153uvre des projets en <strong>C\u00f4te d&rsquo;Ivoire<\/strong> et au <strong>Cameroun. <\/strong>Nous esp\u00e9rons reproduire nos projets r\u00e9ussis dans plusieurs autres pays. Consultez la page \u00ab\u00a0<a href=\"https:\/\/assesdd.org\/index.php\/nos-projets\/\">Nos projets<\/a>\u00a0\u00bb pour en savoir plus.<\/p>\n<h5><em><strong>TOUS B\u00c9N\u00c9VOLES !<\/strong><\/em><\/h5>\n<p>Les membres, tous b\u00e9n\u00e9voles, apportent \u00e0 l&rsquo;association les comp\u00e9tences et les moyens qu&rsquo;ils ont et souhaitent donner : temps libre, cotisation de membre, collecte de dons ponctuels, collecte de mat\u00e9riels obsol\u00e8tes aupr\u00e8s des entreprises en France, communication, informatique, etc.<\/p>\n<h5><em><strong>SOLIDARITE \u00e0 impact DURABLE<\/strong><\/em><\/h5>\n<p>Ils se pr\u00e9nomment Monique, Lucie, Pascal, Benjamine, Rolande, Arielle, Karelle, Adona\u00ef, Raoul. Ce sont au total neuf (9) enfants, \u00e2g\u00e9s de 10 \u00e0 24 ans, que l&rsquo;association a soutenu et continue de soutenir pour leurs scolarit\u00e9s. La plus longue dur\u00e9e de prise en charge d&rsquo;un enfant est de 8 ans.<\/p>\n<p>Dans le domaine de l&rsquo;\u00e9ducation, nous agissons sur du long terme avec comme objectif \u00ab\u00a0Un enfant, un dipl\u00f4me\u00a0\u00bb.<\/p>\n<p>Plusieurs autres projets \u00e0 port\u00e9e \u00e9ducative, touchant un plus grand nombre de jeunes, ont \u00e9t\u00e9 mis en \u0153uvre depuis la cr\u00e9ation. Nous serions ravis d&rsquo;accueillir des id\u00e9es nouvelles de projets, rejoignez nous.<\/p>\n<h5><em><strong>Ensemble, cr\u00e9ons un fond de solidarit\u00e9 durable<\/strong><\/em><\/h5>\n<p>Connaissez-vous l&rsquo;expression \u00ab\u00a0plusieurs petits font beaucoup\u00a0\u00bb ? C&rsquo;est cela m\u00eame qui anime cette association. Vous seriez surpris de l&rsquo;impact cr\u00e9\u00e9 avec la modeste somme de 10 Euros !<\/p>\n<p>Rejoignez-nous pour accro\u00eetre vos forces et les n\u00f4tres !<\/p>\n<p>N&rsquo;h\u00e9sitez pas \u00e0 nous <a href=\"http:\/\/assesdd.org\/index.php\/contact\/\">contacter<\/a> pour obtenir des r\u00e9ponses au del\u00e0 de ce que vous trouverez dans le contenu de ce site.<\/p>\n<h5><em><strong>Je donne pour cr\u00e9er de l&rsquo;impact : <a href=\"https:\/\/assesdd.org\/index.php\/fond-de-solidarite\/\">ICI<\/a><a href=\"https:\/\/assesdd.org\/index.php\/dons\/\">.<\/a><\/strong><\/em><\/h5>\n","protected":false},"excerpt":{"rendered":"<p>\u00c9ducation, Sant\u00e9, D\u00e9veloppement Durable Vous \u00eates sur le site d&rsquo;une association fran\u00e7aise loi 1901 cr\u00e9\u00e9e le 13 Mai 2013. Elle a \u00e9t\u00e9 initi\u00e9e par un groupe d&rsquo;amis, anim\u00e9s par les valeurs de solidarit\u00e9. Ces valeurs se traduisent par&#8230; <a class=\"read-more\" href=\"https:\/\/assesdd.org\/\">Read More<\/a><\/p>\n","protected":false},"author":1,"featured_media":0,"parent":0,"menu_order":0,"comment_status":"closed","ping_status":"closed","template":"","meta":{"footnotes":""},"class_list":["post-7","page","type-page","status-publish","hentry","no-comments"],"jetpack_sharing_enabled":true,"jetpack_shortlink":"https:\/\/wp.me\/P9AHGD-7","jetpack_likes_enabled":true,"_links":{"self":[{"href":"https:\/\/assesdd.org\/index.php\/wp-json\/wp\/v2\/pages\/7","targetHints":{"allow":["GET"]}}],"collection":[{"href":"https:\/\/assesdd.org\/index.php\/wp-json\/wp\/v2\/pages"}],"about":[{"href":"https:\/\/assesdd.org\/index.php\/wp-json\/wp\/v2\/types\/page"}],"author":[{"embeddable":true,"href":"https:\/\/assesdd.org\/index.php\/wp-json\/wp\/v2\/users\/1"}],"replies":[{"embeddable":true,"href":"https:\/\/assesdd.org\/index.php\/wp-json\/wp\/v2\/comments?post=7"}],"version-history":[{"count":22,"href":"https:\/\/assesdd.org\/index.php\/wp-json\/wp\/v2\/pages\/7\/revisions"}],"predecessor-version":[{"id":2674,"href":"https:\/\/assesdd.org\/index.php\/wp-json\/wp\/v2\/pages\/7\/revisions\/2674"}],"wp:attachment":[{"href":"https:\/\/assesdd.org\/index.php\/wp-json\/wp\/v2\/media?parent=7"}],"curies":[{"name":"wp","href":"https:\/\/api.w.org\/{rel}","templated":true}]}}