{"id":221,"date":"2018-01-25T15:18:18","date_gmt":"2018-01-25T14:18:18","guid":{"rendered":"http:\/\/assesdd.org\/?page_id=221"},"modified":"2018-02-11T17:17:49","modified_gmt":"2018-02-11T16:17:49","slug":"salles-informatiques-pc-recycles","status":"publish","type":"page","link":"https:\/\/assesdd.org\/index.php\/nos-projets\/salles-informatiques-pc-recycles\/","title":{"rendered":"Salles informatiques (PC recycl\u00e9s)"},"content":{"rendered":"<p>Deux structures au Cameroun ont b\u00e9n\u00e9fici\u00e9 du don d&rsquo;un total de <strong>15<\/strong> ordinateurs portables recycl\u00e9s.<\/p>\n<p>L&rsquo;AssESDD a initialement b\u00e9n\u00e9fici\u00e9 du don d&rsquo;un lot d&rsquo;ordinateurs obsol\u00e8tes d&rsquo;une entreprise fran\u00e7aise dans le cadre de son programme de m\u00e9c\u00e9nat, et a eu l&rsquo;occasion de leur donner une deuxi\u00e8me vie.<\/p>\n<p>L&rsquo;objectif principal dans ces projets que nous soutenons est simple : faire connaitre et banaliser l&rsquo;outil informatique aupr\u00e8s des jeunes Africains qui en expriment le besoin.<\/p>\n<p>&nbsp;<\/p>\n<h5><em><strong>Centre multim\u00e9dia dans l&rsquo;orphelinat \u00ab\u00a0La Bonne Case\u00a0\u00bb<\/strong><\/em><\/h5>\n<p><img loading=\"lazy\" decoding=\"async\" class=\"size-medium wp-image-62\" src=\"https:\/\/assesdd.org\/wp-content\/uploads\/2018\/01\/IMG_ordinateurs_LBC-300x199.jpg\" alt=\"\" width=\"300\" height=\"199\" srcset=\"https:\/\/assesdd.org\/wp-content\/uploads\/2018\/01\/IMG_ordinateurs_LBC-300x199.jpg 300w, https:\/\/assesdd.org\/wp-content\/uploads\/2018\/01\/IMG_ordinateurs_LBC-768x510.jpg 768w, https:\/\/assesdd.org\/wp-content\/uploads\/2018\/01\/IMG_ordinateurs_LBC-640x425.jpg 640w, https:\/\/assesdd.org\/wp-content\/uploads\/2018\/01\/IMG_ordinateurs_LBC.jpg 841w\" sizes=\"auto, (max-width: 300px) 100vw, 300px\" \/><\/p>\n<p>Le responsable de l&rsquo;orphelinat \u00ab\u00a0la bonne case\u00a0\u00bb a sollicit\u00e9 l&rsquo;AssESDD avec un dossier projet bien r\u00e9dig\u00e9 exprimant le besoin en mat\u00e9riel informatique dans un cadre d\u00e9j\u00e0 pr\u00eat. Le projet consistait \u00e0 mettre sur pieds un centre multim\u00e9dia \u00e0 destination des pensionnaires de l&rsquo;orphelinat mais aussi de tous les enfants en-dehors, r\u00e9sidant dans la m\u00eame commune.<\/p>\n<p>Nous avons fait un don de 10 ordinateurs pour ce projet. Ces ordinateurs ont contribu\u00e9, et continuent de contribuer, \u00e0 la culture informatique de plusieurs dizaines d&rsquo;enfants. En effet, des sessions de cours par des \u00e9tudiants b\u00e9n\u00e9voles au Cameroun sont organis\u00e9es r\u00e9guli\u00e8rement avec ce mat\u00e9riel.<\/p>\n<p>Le responsable de \u00ab\u00a0La Bonne Case\u00a0\u00bb nous communique r\u00e9guli\u00e8rement un rapport sur l&rsquo;utilisation et les activit\u00e9s men\u00e9es avec ce mat\u00e9riel fourni.<\/p>\n<p>&nbsp;<\/p>\n<h5><em><strong>Salle informatique dans les locaux de l&rsquo;\u00e9cole \u00ab\u00a0Le Savoir\u00a0\u00bb<\/strong><\/em><\/h5>\n<p><img loading=\"lazy\" decoding=\"async\" class=\"size-medium wp-image-75 aligncenter\" src=\"https:\/\/assesdd.org\/wp-content\/uploads\/2018\/01\/DSC09289_d-300x225.jpg\" alt=\"\" width=\"300\" height=\"225\" srcset=\"https:\/\/assesdd.org\/wp-content\/uploads\/2018\/01\/DSC09289_d-300x225.jpg 300w, https:\/\/assesdd.org\/wp-content\/uploads\/2018\/01\/DSC09289_d-768x576.jpg 768w, https:\/\/assesdd.org\/wp-content\/uploads\/2018\/01\/DSC09289_d.jpg 1024w, https:\/\/assesdd.org\/wp-content\/uploads\/2018\/01\/DSC09289_d-640x480.jpg 640w\" sizes=\"auto, (max-width: 300px) 100vw, 300px\" \/><\/p>\n<p>Manquant de moyens propres pour le faire, le responsable de l&rsquo;\u00e9cole \u00ab\u00a0Le Savoir\u00a0\u00bb au Cameroun a sollicit\u00e9 l&rsquo;AssESDD pour l&rsquo;aider \u00e0 mettre sur pieds une salle informatique destin\u00e9e \u00e0 donner des cours d&rsquo;informatique \u00e0 ses plus jeunes \u00e9l\u00e8ves.<\/p>\n<p>Nous avons fait un don de 5 ordinateurs pour r\u00e9pondre \u00e0 cette sollicitation. Nous suivons r\u00e9guli\u00e8rement la r\u00e9elle utilisation du mat\u00e9riel pour les objectifs initiaux.<\/p>\n<p><img loading=\"lazy\" decoding=\"async\" class=\"size-medium wp-image-261 aligncenter\" src=\"https:\/\/assesdd.org\/wp-content\/uploads\/2018\/01\/DSC09287_c-225x300.jpg\" alt=\"\" width=\"225\" height=\"300\" srcset=\"https:\/\/assesdd.org\/wp-content\/uploads\/2018\/01\/DSC09287_c-225x300.jpg 225w, https:\/\/assesdd.org\/wp-content\/uploads\/2018\/01\/DSC09287_c.jpg 336w\" sizes=\"auto, (max-width: 225px) 100vw, 225px\" \/><\/p>\n<p>&nbsp;<\/p>\n","protected":false},"excerpt":{"rendered":"<p>Deux structures au Cameroun ont b\u00e9n\u00e9fici\u00e9 du don d&rsquo;un total de 15 ordinateurs portables recycl\u00e9s. L&rsquo;AssESDD a initialement b\u00e9n\u00e9fici\u00e9 du don d&rsquo;un lot d&rsquo;ordinateurs obsol\u00e8tes d&rsquo;une entreprise fran\u00e7aise dans le cadre de son programme de m\u00e9c\u00e9nat, et a&#8230; <a class=\"read-more\" href=\"https:\/\/assesdd.org\/index.php\/nos-projets\/salles-informatiques-pc-recycles\/\">Read More<\/a><\/p>\n","protected":false},"author":1,"featured_media":0,"parent":17,"menu_order":0,"comment_status":"closed","ping_status":"closed","template":"","meta":{"footnotes":""},"class_list":["post-221","page","type-page","status-publish","hentry","no-comments"],"jetpack_sharing_enabled":true,"jetpack_shortlink":"https:\/\/wp.me\/P9AHGD-3z","jetpack_likes_enabled":true,"_links":{"self":[{"href":"https:\/\/assesdd.org\/index.php\/wp-json\/wp\/v2\/pages\/221","targetHints":{"allow":["GET"]}}],"collection":[{"href":"https:\/\/assesdd.org\/index.php\/wp-json\/wp\/v2\/pages"}],"about":[{"href":"https:\/\/assesdd.org\/index.php\/wp-json\/wp\/v2\/types\/page"}],"author":[{"embeddable":true,"href":"https:\/\/assesdd.org\/index.php\/wp-json\/wp\/v2\/users\/1"}],"replies":[{"embeddable":true,"href":"https:\/\/assesdd.org\/index.php\/wp-json\/wp\/v2\/comments?post=221"}],"version-history":[{"count":6,"href":"https:\/\/assesdd.org\/index.php\/wp-json\/wp\/v2\/pages\/221\/revisions"}],"predecessor-version":[{"id":263,"href":"https:\/\/assesdd.org\/index.php\/wp-json\/wp\/v2\/pages\/221\/revisions\/263"}],"up":[{"embeddable":true,"href":"https:\/\/assesdd.org\/index.php\/wp-json\/wp\/v2\/pages\/17"}],"wp:attachment":[{"href":"https:\/\/assesdd.org\/index.php\/wp-json\/wp\/v2\/media?parent=221"}],"curies":[{"name":"wp","href":"https:\/\/api.w.org\/{rel}","templated":true}]}}