{"id":217,"date":"2018-01-25T15:14:57","date_gmt":"2018-01-25T14:14:57","guid":{"rendered":"http:\/\/assesdd.org\/?page_id=217"},"modified":"2024-02-08T19:08:21","modified_gmt":"2024-02-08T18:08:21","slug":"parrainage-scolaire-lucie-d-cote-d-ivoire","status":"publish","type":"page","link":"https:\/\/assesdd.org\/index.php\/nos-projets\/parrainage-scolaire-lucie-d-cote-d-ivoire\/","title":{"rendered":"L&rsquo;\u00e9ducation des jeunes filles avec Lucie D. (C\u00f4te d&rsquo;Ivoire)"},"content":{"rendered":"<p>L&rsquo;\u00e9ducation des jeunes filles est une priorit\u00e9 dans le monde, et plus particuli\u00e8rement dans les <a href=\"https:\/\/fr.wikipedia.org\/wiki\/Pays_en_d%C3%A9veloppement\">pays en voie de d\u00e9veloppement<\/a> o\u00f9 les situations pr\u00e9caires des familles peuvent mettre en danger l&rsquo;avenir et m\u00eame l&rsquo;int\u00e9grit\u00e9 physique des jeunes filles. C&rsquo;est pour participer activement \u00e0 cet enjeu majeur que l&rsquo;<a href=\"https:\/\/www.journal-officiel.gouv.fr\/pages\/associations-detail-annonce-carte\/?q.id=id:201300231736\">AssESDD<\/a> a d\u00e9cid\u00e9 de prendre en charge la scolarit\u00e9 de la petite Lucie d\u00e8s la rentr\u00e9e scolaire 2014\/2015.<\/p>\n<h5><em><strong>Son histoire<\/strong><\/em><\/h5>\n<figure id=\"attachment_205\" aria-describedby=\"caption-attachment-205\" style=\"width: 300px\" class=\"wp-caption alignnone\"><img loading=\"lazy\" decoding=\"async\" class=\"size-medium wp-image-205\" src=\"https:\/\/assesdd.org\/wp-content\/uploads\/2018\/01\/Projet_Lucie_IMG_2528-300x225.jpg\" alt=\"\" width=\"300\" height=\"225\" srcset=\"https:\/\/assesdd.org\/wp-content\/uploads\/2018\/01\/Projet_Lucie_IMG_2528-300x225.jpg 300w, https:\/\/assesdd.org\/wp-content\/uploads\/2018\/01\/Projet_Lucie_IMG_2528-768x576.jpg 768w, https:\/\/assesdd.org\/wp-content\/uploads\/2018\/01\/Projet_Lucie_IMG_2528-1024x768.jpg 1024w, https:\/\/assesdd.org\/wp-content\/uploads\/2018\/01\/Projet_Lucie_IMG_2528-1600x1200.jpg 1600w, https:\/\/assesdd.org\/wp-content\/uploads\/2018\/01\/Projet_Lucie_IMG_2528-640x480.jpg 640w\" sizes=\"auto, (max-width: 300px) 100vw, 300px\" \/><figcaption id=\"caption-attachment-205\" class=\"wp-caption-text\">Notre filleule Lucie devant son lieu de r\u00e9sidence d\u00e9vast\u00e9 par une catastrophe naturelle<\/figcaption><\/figure>\n<p><span style=\"font-weight: 400;\">Voici la situation de la jeune Lucie au moment o\u00f9 nous d\u00e9cidons de nous engager sur le long terme pour sa scolarit\u00e9 :\u00a0<\/span><span style=\"font-weight: 400;\">n\u00e9e le 23\/08\/2002, \u00e0 Cocody en <a href=\"https:\/\/fr.wikipedia.org\/wiki\/C%C3%B4te_d%27Ivoire\">C\u00f4te d&rsquo;Ivoire<\/a>, Lucie DAKUO est issue d&rsquo;une famille pauvre dont le papa est d\u00e9c\u00e9d\u00e9. Sa famille est compos\u00e9e de 4 enfants\u00a0:<\/span><\/p>\n<ul>\n<li style=\"font-weight: 400;\"><span style=\"font-weight: 400;\">2 adultes au ch\u00f4mage,<\/span><\/li>\n<li style=\"font-weight: 400;\"><span style=\"font-weight: 400;\">Sa petite soeur\u00a0<\/span><span style=\"font-weight: 400;\">Benjamine,<\/span><\/li>\n<li>Elle-m\u00eame.<\/li>\n<\/ul>\n<p><span style=\"font-weight: 400;\">Leur lieu de vie familial, qui s&rsquo;apparentait \u00e0 une <a href=\"https:\/\/www.larousse.fr\/dictionnaires\/francais\/cabane\/11862\">cabane<\/a>, venait d&rsquo;\u00eatre ravag\u00e9 par une terrible <a href=\"https:\/\/www.larousse.fr\/dictionnaires\/francais\/inondation\/43216\">inondation<\/a> qui avait eu lieu en Juin 2014 \u00e0 Abidjan. La famille enti\u00e8re n&rsquo;avait plus de toit et squattait de fa\u00e7on r\u00e9partie chez plusieurs autres membres de la grande famille (oncles et tantes plus ou moins \u00e9loign\u00e9s).<\/span><\/p>\n<p><span style=\"font-weight: 400;\">Avec d\u2019excellents r\u00e9sultats scolaires, Lucie avait obtenu son <a href=\"https:\/\/fr.wikipedia.org\/wiki\/Certificat_d%27%C3%A9tudes_primaires\">CEP<\/a> et avait \u00e9t\u00e9 affect\u00e9e en classe de 6<\/span><span style=\"font-weight: 400;\">\u00e8me<\/span><span style=\"font-weight: 400;\"> \u00e0 l\u2019Etablissement d\u2019Application Jean Piaget, qui \u00e9tait d\u00e9crit comme un \u00e9tablissement s\u00e9rieux.<\/span><\/p>\n<h5><em><strong>L&rsquo;<a href=\"https:\/\/assesdd.org\/index.php\/fond-de-solidarite\/\">AssESDD<\/a> s&rsquo;engage sur le long terme<\/strong><\/em><\/h5>\n<p>Dans cette situation difficile, les parents de Lucie sollicitent alors l&rsquo;aide des parents d&rsquo;un membre de l&rsquo;AssESDD r\u00e9sidants en c\u00f4te d&rsquo;Ivoire. C&rsquo;est par ce biais que l&rsquo;AssESDD a \u00e9t\u00e9 sollicit\u00e9e et a accept\u00e9 avec joie d&rsquo;accompagner Lucie sur le long terme jusqu&rsquo;\u00e0 l&rsquo;obtention d&rsquo;un dipl\u00f4me lui permettant de s&rsquo;int\u00e9grer dans le monde du travail. En l&rsquo;occurrence, jusqu&rsquo;\u00e0 l&rsquo;obtention d&rsquo;un <a href=\"https:\/\/fr.wikipedia.org\/wiki\/Certificat_d%27aptitude_professionnelle\">CAP<\/a> professionnel, du <a href=\"https:\/\/fr.wikipedia.org\/wiki\/Baccalaur%C3%A9at_en_France\">BAC<\/a> ou plus selon son choix de parcours et la qualit\u00e9 de ses r\u00e9sultats.<\/p>\n<p>Le soutien pour l&rsquo;\u00e9ducation de Lucie depuis la rentr\u00e9e 2014\/2015 se veut complet et est donc constitu\u00e9 des plusieurs \u00e9l\u00e9ments : \u00a0frais de scolarit\u00e9, fournitures scolaires (livres, cahiers&#8230;), frais de nourriture.<\/p>\n<h5><em><strong>Contrat d&rsquo;engagement moral\u00a0<\/strong><\/em><\/h5>\n<p>Un contrat d&rsquo;<a href=\"https:\/\/www.doc-du-juriste.com\/droit-prive-et-contrat\/droit-autres-branches\/dissertation\/engagement-moral-valeur-juridique-prestation-474542.html\">engagement moral<\/a> sign\u00e9 entre les parties (l&rsquo;association d&rsquo;une part et les parents ou tuteurs de Lucie d&rsquo;autre part) accompagne ce soutien financier, et est renouvel\u00e9 avant le d\u00e9but de chaque ann\u00e9e scolaire. Il sp\u00e9cifie notamment les engagements \u00e0 prendre par les deux parties signataires afin de garantir l&rsquo;efficacit\u00e9 de l&rsquo;aide financi\u00e8re apport\u00e9e par l&rsquo;AssESDD.<\/p>\n<p>Le renouvellement chaque ann\u00e9e est conditionn\u00e9 notamment par le bon comportement de l&rsquo;enfant au sein de l&rsquo;\u00e9tablissement scolaire et ses notes lors d&rsquo;\u00e9valuations tout au long de l&rsquo;ann\u00e9e.<\/p>\n<h5><em><strong>R\u00e9sultats scolaires excellents<\/strong><\/em><\/h5>\n<figure id=\"attachment_64\" aria-describedby=\"caption-attachment-64\" style=\"width: 169px\" class=\"wp-caption alignnone\"><img loading=\"lazy\" decoding=\"async\" class=\"wp-image-64 size-medium\" src=\"https:\/\/assesdd.org\/wp-content\/uploads\/2018\/01\/Lucie-Dakuo_4eme-T1-169x300.jpg\" alt=\"\" width=\"169\" height=\"300\" srcset=\"https:\/\/assesdd.org\/wp-content\/uploads\/2018\/01\/Lucie-Dakuo_4eme-T1-169x300.jpg 169w, https:\/\/assesdd.org\/wp-content\/uploads\/2018\/01\/Lucie-Dakuo_4eme-T1-576x1024.jpg 576w, https:\/\/assesdd.org\/wp-content\/uploads\/2018\/01\/Lucie-Dakuo_4eme-T1-675x1200.jpg 675w, https:\/\/assesdd.org\/wp-content\/uploads\/2018\/01\/Lucie-Dakuo_4eme-T1-360x640.jpg 360w, https:\/\/assesdd.org\/wp-content\/uploads\/2018\/01\/Lucie-Dakuo_4eme-T1.jpg 720w\" sizes=\"auto, (max-width: 169px) 100vw, 169px\" \/><figcaption id=\"caption-attachment-64\" class=\"wp-caption-text\">Lucie nous envoie une photo de ses r\u00e9sultats scolaires.<\/figcaption><\/figure>\n<p>Lucie nous donne satisfaction chaque ann\u00e9e depuis le d\u00e9but avec des r\u00e9sultats scolaires souvent parmi les meilleurs de l&rsquo;\u00e9tablissement. C&rsquo;est avec beaucoup de fiert\u00e9 donc que nous poursuivons l&rsquo;aventure et esp\u00e9rons la propulser le plus loin possible.<\/p>\n<h5><em><strong>Remerciements<\/strong><\/em><\/h5>\n<div style=\"width: 480px;\" class=\"wp-video\"><video class=\"wp-video-shortcode\" id=\"video-217-1\" width=\"480\" height=\"480\" poster=\"https:\/\/assesdd.org\/wp-content\/uploads\/2018\/01\/Projet_Lucie_IMG_2528.jpg\" preload=\"metadata\" controls=\"controls\"><source type=\"video\/mp4\" src=\"https:\/\/assesdd.org\/wp-content\/uploads\/2018\/02\/video-Lucie-D-CI.mp4?_=1\" \/><a href=\"https:\/\/assesdd.org\/wp-content\/uploads\/2018\/02\/video-Lucie-D-CI.mp4\">https:\/\/assesdd.org\/wp-content\/uploads\/2018\/02\/video-Lucie-D-CI.mp4<\/a><\/video><\/div>\n<p><a href=\"https:\/\/assesdd.org\/index.php\/contact\/\">Rejoignez-nous<\/a> pour p\u00e9renniser cet accompagnement et multiplier des histoires comme celle-ci !<\/p>\n<p><strong>Mise \u00e0 jour Ao\u00fbt 2022<\/strong> : <strong>Lucie D. a obtenu son Baccalaur\u00e9at s\u00e9rie D avec mention AB ! \ud83d\udc4c\ud83d\udc4c\ud83c\udf89\ud83c\udf89\ud83c\udf89<\/strong><\/p>\n<p>Sur un total de 8 (huit) ann\u00e9es, soit de 2014 \u00e0 2022, l&rsquo;association a engag\u00e9 un montant total de 4863 Euros pour permettre \u00e0 cette jeune fille d&rsquo;avoir toutes ses chances dans la vie active, maintenant adulte.<\/p>\n<p><strong>Lucie est le t\u00e9moin de la signature <a href=\"https:\/\/assesdd.org\/index.php\/fond-de-solidarite\/\" target=\"_blank\" rel=\"noopener\"><em>Assesdd<\/em><\/a> dans les projets &gt;&gt; Engagement sur le long terme et impact durable !<\/strong><\/p>\n","protected":false},"excerpt":{"rendered":"<p>L&rsquo;\u00e9ducation des jeunes filles est une priorit\u00e9 dans le monde, et plus particuli\u00e8rement dans les pays en voie de d\u00e9veloppement o\u00f9 les situations pr\u00e9caires des familles peuvent mettre en danger l&rsquo;avenir et m\u00eame l&rsquo;int\u00e9grit\u00e9 physique des jeunes filles&#8230;. <a class=\"read-more\" href=\"https:\/\/assesdd.org\/index.php\/nos-projets\/parrainage-scolaire-lucie-d-cote-d-ivoire\/\">Read More<\/a><\/p>\n","protected":false},"author":1,"featured_media":0,"parent":17,"menu_order":0,"comment_status":"closed","ping_status":"closed","template":"","meta":{"footnotes":""},"class_list":["post-217","page","type-page","status-publish","hentry","no-comments"],"jetpack_sharing_enabled":true,"jetpack_shortlink":"https:\/\/wp.me\/P9AHGD-3v","jetpack_likes_enabled":true,"_links":{"self":[{"href":"https:\/\/assesdd.org\/index.php\/wp-json\/wp\/v2\/pages\/217","targetHints":{"allow":["GET"]}}],"collection":[{"href":"https:\/\/assesdd.org\/index.php\/wp-json\/wp\/v2\/pages"}],"about":[{"href":"https:\/\/assesdd.org\/index.php\/wp-json\/wp\/v2\/types\/page"}],"author":[{"embeddable":true,"href":"https:\/\/assesdd.org\/index.php\/wp-json\/wp\/v2\/users\/1"}],"replies":[{"embeddable":true,"href":"https:\/\/assesdd.org\/index.php\/wp-json\/wp\/v2\/comments?post=217"}],"version-history":[{"count":17,"href":"https:\/\/assesdd.org\/index.php\/wp-json\/wp\/v2\/pages\/217\/revisions"}],"predecessor-version":[{"id":5324,"href":"https:\/\/assesdd.org\/index.php\/wp-json\/wp\/v2\/pages\/217\/revisions\/5324"}],"up":[{"embeddable":true,"href":"https:\/\/assesdd.org\/index.php\/wp-json\/wp\/v2\/pages\/17"}],"wp:attachment":[{"href":"https:\/\/assesdd.org\/index.php\/wp-json\/wp\/v2\/media?parent=217"}],"curies":[{"name":"wp","href":"https:\/\/api.w.org\/{rel}","templated":true}]}}